{"id":832,"date":"2021-04-06T21:42:00","date_gmt":"2021-04-06T21:42:00","guid":{"rendered":"https:\/\/stogroup.com.tr\/human-resources\/"},"modified":"2022-06-09T12:41:37","modified_gmt":"2022-06-09T12:41:37","slug":"human-resources","status":"publish","type":"page","link":"https:\/\/stogroup.com.tr\/en\/human-resources\/","title":{"rendered":"Human Resources"},"content":{"rendered":"\t\t<div data-elementor-type=\"wp-page\" data-elementor-id=\"832\" class=\"elementor elementor-832 elementor-2\">\n\t\t\t\t\t\t<section class=\"elementor-section elementor-top-section elementor-element elementor-element-807bde9 elementor-section-full_width qode_elementor_container_inner elementor-section-height-default elementor-section-height-default parallax_section_no\" data-id=\"807bde9\" data-element_type=\"section\" data-e-type=\"section\">\n\t\t\t\t\t\t<div class=\"elementor-container elementor-column-gap-no\">\n\t\t\t\t\t<div class=\"elementor-column elementor-col-50 elementor-top-column elementor-element elementor-element-e2bfd68\" data-id=\"e2bfd68\" data-element_type=\"column\" data-e-type=\"column\">\n\t\t\t<div class=\"elementor-widget-wrap elementor-element-populated\">\n\t\t\t\t\t\t<div class=\"elementor-element elementor-element-4a6dfc5 elementor-widget elementor-widget-bridge_cf_7\" data-id=\"4a6dfc5\" data-element_type=\"widget\" data-e-type=\"widget\" data-widget_type=\"bridge_cf_7.default\">\n\t\t\t\t<div class=\"elementor-widget-container\">\n\t\t\t\t\t    <div class=\"qode-contact-form-7 qode-contact-form-7-0\">\n    \n<div class=\"wpcf7 no-js\" id=\"wpcf7-f873-o1\" lang=\"en-US\" dir=\"ltr\" data-wpcf7-id=\"873\">\n<div class=\"screen-reader-response\"><p role=\"status\" aria-live=\"polite\" aria-atomic=\"true\"><\/p> <ul><\/ul><\/div>\n<form action=\"\/en\/wp-json\/wp\/v2\/pages\/832#wpcf7-f873-o1\" method=\"post\" class=\"wpcf7-form init cf7_custom_style_2\" aria-label=\"Contact form\" enctype=\"multipart\/form-data\" novalidate=\"novalidate\" data-status=\"init\">\n<fieldset class=\"hidden-fields-container\"><input type=\"hidden\" name=\"_wpcf7\" value=\"873\" \/><input type=\"hidden\" name=\"_wpcf7_version\" value=\"6.1.5\" \/><input type=\"hidden\" name=\"_wpcf7_locale\" value=\"en_US\" \/><input type=\"hidden\" name=\"_wpcf7_unit_tag\" value=\"wpcf7-f873-o1\" \/><input type=\"hidden\" name=\"_wpcf7_container_post\" value=\"0\" \/><input type=\"hidden\" name=\"_wpcf7_posted_data_hash\" value=\"\" \/>\n<\/fieldset>\n<div>\n<span class=\"wpcf7-form-control-wrap\" data-name=\"your-name\"><input size=\"40\" maxlength=\"400\" class=\"wpcf7-form-control wpcf7-text wpcf7-validates-as-required\" aria-required=\"true\" aria-invalid=\"false\" placeholder=\"Name-Surname\" value=\"\" type=\"text\" name=\"your-name\" \/><\/span>\n<\/div>\n<div>\n<span class=\"wpcf7-form-control-wrap\" data-name=\"email-591\"><input size=\"40\" maxlength=\"400\" class=\"wpcf7-form-control wpcf7-email wpcf7-validates-as-required wpcf7-text wpcf7-validates-as-email\" aria-required=\"true\" aria-invalid=\"false\" placeholder=\"E-Mail\" value=\"\" type=\"email\" name=\"email-591\" \/><\/span>\n<\/div>\n<div>\n<span class=\"wpcf7-form-control-wrap\" data-name=\"tel-275\"><input size=\"40\" maxlength=\"400\" class=\"wpcf7-form-control wpcf7-tel wpcf7-validates-as-required wpcf7-text wpcf7-validates-as-tel\" aria-required=\"true\" aria-invalid=\"false\" placeholder=\"Contact Phone\" value=\"\" type=\"tel\" name=\"tel-275\" \/><\/span>\n<\/div>\n<div>\n<span class=\"wpcf7-form-control-wrap\" data-name=\"text-403\"><input size=\"40\" maxlength=\"400\" class=\"wpcf7-form-control wpcf7-text wpcf7-validates-as-required\" aria-required=\"true\" aria-invalid=\"false\" placeholder=\"Desired Position\" value=\"\" type=\"text\" name=\"text-403\" \/><\/span>\n<\/div>\n<div>\n<span class=\"wpcf7-form-control-wrap\" data-name=\"menu-232\"><select class=\"wpcf7-form-control wpcf7-select wpcf7-validates-as-required\" aria-required=\"true\" aria-invalid=\"false\" name=\"menu-232\"><option value=\"STO GROUP\">STO GROUP<\/option><option value=\"PHENIX AGRO\">PHENIX AGRO<\/option><option value=\"TRUAGRO LIFE\">TRUAGRO LIFE<\/option><option value=\"TRUAGRO FRESH\">TRUAGRO FRESH<\/option><option value=\"TRUPLAST\">TRUPLAST<\/option><option value=\"TRUAGRO LIVE\">TRUAGRO LIVE<\/option><option value=\"NODOR\">NODOR<\/option><option value=\"TRUTRADE\">TRUTRADE<\/option><\/select><\/span>\n<\/div>\n<div>\n[textarea textarea-935 \"Notlar\u0131n\u0131z (\u00f6zge\u00e7mi\u015f URL\" nizi=\"\" payla=\"\"]\n<\/div>\n<div>\n<span class=\"wpcf7-form-control-wrap\" data-name=\"file-648\"><input size=\"40\" class=\"wpcf7-form-control wpcf7-file\" accept=\".pdf,.doc,.docx,.xls,.xlsx\" aria-invalid=\"false\" type=\"file\" name=\"file-648\" \/><\/span>\n<\/div>\n<div style=\"text-align: left; margin: 22px 0 0;\"><input class=\"wpcf7-form-control wpcf7-submit has-spinner\" type=\"submit\" value=\"APPLY\" \/><\/div><div class=\"wpcf7-response-output\" aria-hidden=\"true\"><\/div>\n<\/form>\n<\/div>\n    <\/div>\n\t\t\t\t<\/div>\n\t\t\t\t<\/div>\n\t\t\t\t\t<\/div>\n\t\t<\/div>\n\t\t\t\t<div class=\"elementor-column elementor-col-50 elementor-top-column elementor-element elementor-element-e2b9aa9\" data-id=\"e2b9aa9\" data-element_type=\"column\" data-e-type=\"column\">\n\t\t\t<div class=\"elementor-widget-wrap elementor-element-populated\">\n\t\t\t\t\t\t<div class=\"elementor-element elementor-element-393fc32 elementor-widget elementor-widget-text-editor\" data-id=\"393fc32\" data-element_type=\"widget\" data-e-type=\"widget\" data-widget_type=\"text-editor.default\">\n\t\t\t\t<div class=\"elementor-widget-container\">\n\t\t\t\t\t\t\t\t\t<h6>HUMAN RESOURCES<\/h6>\t\t\t\t\t\t\t\t<\/div>\n\t\t\t\t<\/div>\n\t\t\t\t<div class=\"elementor-element elementor-element-5a68b70 elementor-widget elementor-widget-text-editor\" data-id=\"5a68b70\" data-element_type=\"widget\" data-e-type=\"widget\" data-widget_type=\"text-editor.default\">\n\t\t\t\t<div class=\"elementor-widget-container\">\n\t\t\t\t\t\t\t\t\t<h1>APPLICATION<\/h1>\t\t\t\t\t\t\t\t<\/div>\n\t\t\t\t<\/div>\n\t\t\t\t<div class=\"elementor-element elementor-element-9d1e055 elementor-widget elementor-widget-text-editor\" data-id=\"9d1e055\" data-element_type=\"widget\" data-e-type=\"widget\" data-widget_type=\"text-editor.default\">\n\t\t\t\t<div class=\"elementor-widget-container\">\n\t\t\t\t\t\t\t\t\t<p>Please state your desired field and\/or group company in your applications We wish you success in your career.<\/p>\t\t\t\t\t\t\t\t<\/div>\n\t\t\t\t<\/div>\n\t\t\t\t\t<\/div>\n\t\t<\/div>\n\t\t\t\t\t<\/div>\n\t\t<\/section>\n\t\t\t\t<\/div>\n\t\t","protected":false},"excerpt":{"rendered":"<p>STO GROUPPHENIX AGROTRUAGRO LIFETRUAGRO FRESHTRUPLASTTRUAGRO LIVENODORTRUTRADE Notlar\u0131n\u0131z (\u00f6zge\u00e7mi\u015f URL&#039;nizi payla\u015fabilirsiniz) HUMAN RESOURCES APPLICATION Please state your desired field and\/or group company in your applications We wish you success in your career.<\/p>\n","protected":false},"author":2,"featured_media":0,"parent":0,"menu_order":0,"comment_status":"closed","ping_status":"closed","template":"","meta":{"footnotes":""},"class_list":["post-832","page","type-page","status-publish","hentry"],"yoast_head":"<!-- This site is optimized with the Yoast SEO plugin v27.3 - https:\/\/yoast.com\/product\/yoast-seo-wordpress\/ -->\n<title>Human Resources - STO Group<\/title>\n<meta name=\"description\" content=\"You can use the form on this page to apply for a position in STO Group.\" \/>\n<meta name=\"robots\" content=\"index, follow, max-snippet:-1, max-image-preview:large, max-video-preview:-1\" \/>\n<link rel=\"canonical\" href=\"https:\/\/stogroup.com.tr\/en\/human-resources\/\" \/>\n<meta property=\"og:locale\" content=\"en_US\" \/>\n<meta property=\"og:type\" content=\"article\" \/>\n<meta property=\"og:title\" content=\"Human Resources - STO Group\" \/>\n<meta property=\"og:description\" content=\"You can use the form on this page to apply for a position in STO Group.\" \/>\n<meta property=\"og:url\" content=\"https:\/\/stogroup.com.tr\/en\/human-resources\/\" \/>\n<meta property=\"og:site_name\" content=\"STO Group\" \/>\n<meta property=\"article:publisher\" content=\"https:\/\/www.facebook.com\/stogrouptr\/\" \/>\n<meta property=\"article:modified_time\" content=\"2022-06-09T12:41:37+00:00\" \/>\n<meta name=\"twitter:card\" content=\"summary_large_image\" \/>\n<meta name=\"twitter:site\" content=\"@stogrouptr\" \/>\n<script type=\"application\/ld+json\" class=\"yoast-schema-graph\">{\"@context\":\"https:\\\/\\\/schema.org\",\"@graph\":[{\"@type\":\"WebPage\",\"@id\":\"https:\\\/\\\/stogroup.com.tr\\\/en\\\/human-resources\\\/\",\"url\":\"https:\\\/\\\/stogroup.com.tr\\\/en\\\/human-resources\\\/\",\"name\":\"Human Resources - STO Group\",\"isPartOf\":{\"@id\":\"https:\\\/\\\/stogroup.com.tr\\\/en\\\/#website\"},\"datePublished\":\"2021-04-06T21:42:00+00:00\",\"dateModified\":\"2022-06-09T12:41:37+00:00\",\"description\":\"You can use the form on this page to apply for a position in STO Group.\",\"breadcrumb\":{\"@id\":\"https:\\\/\\\/stogroup.com.tr\\\/en\\\/human-resources\\\/#breadcrumb\"},\"inLanguage\":\"en-US\",\"potentialAction\":[{\"@type\":\"ReadAction\",\"target\":[\"https:\\\/\\\/stogroup.com.tr\\\/en\\\/human-resources\\\/\"]}]},{\"@type\":\"BreadcrumbList\",\"@id\":\"https:\\\/\\\/stogroup.com.tr\\\/en\\\/human-resources\\\/#breadcrumb\",\"itemListElement\":[{\"@type\":\"ListItem\",\"position\":1,\"name\":\"Anasayfa\",\"item\":\"https:\\\/\\\/stogroup.com.tr\\\/en\\\/\"},{\"@type\":\"ListItem\",\"position\":2,\"name\":\"Human Resources\"}]},{\"@type\":\"WebSite\",\"@id\":\"https:\\\/\\\/stogroup.com.tr\\\/en\\\/#website\",\"url\":\"https:\\\/\\\/stogroup.com.tr\\\/en\\\/\",\"name\":\"STO Group\",\"description\":\"Where Ideas Come Naturally\",\"publisher\":{\"@id\":\"https:\\\/\\\/stogroup.com.tr\\\/en\\\/#organization\"},\"potentialAction\":[{\"@type\":\"SearchAction\",\"target\":{\"@type\":\"EntryPoint\",\"urlTemplate\":\"https:\\\/\\\/stogroup.com.tr\\\/en\\\/?s={search_term_string}\"},\"query-input\":{\"@type\":\"PropertyValueSpecification\",\"valueRequired\":true,\"valueName\":\"search_term_string\"}}],\"inLanguage\":\"en-US\"},{\"@type\":\"Organization\",\"@id\":\"https:\\\/\\\/stogroup.com.tr\\\/en\\\/#organization\",\"name\":\"STO Group\",\"url\":\"https:\\\/\\\/stogroup.com.tr\\\/en\\\/\",\"logo\":{\"@type\":\"ImageObject\",\"inLanguage\":\"en-US\",\"@id\":\"https:\\\/\\\/stogroup.com.tr\\\/en\\\/#\\\/schema\\\/logo\\\/image\\\/\",\"url\":\"https:\\\/\\\/stogroup.com.tr\\\/wp-content\\\/uploads\\\/logomobilesticky.svg\",\"contentUrl\":\"https:\\\/\\\/stogroup.com.tr\\\/wp-content\\\/uploads\\\/logomobilesticky.svg\",\"width\":317,\"height\":107,\"caption\":\"STO Group\"},\"image\":{\"@id\":\"https:\\\/\\\/stogroup.com.tr\\\/en\\\/#\\\/schema\\\/logo\\\/image\\\/\"},\"sameAs\":[\"https:\\\/\\\/www.facebook.com\\\/stogrouptr\\\/\",\"https:\\\/\\\/x.com\\\/stogrouptr\",\"https:\\\/\\\/www.instagram.com\\\/stogrouptr\\\/\"]}]}<\/script>\n<!-- \/ Yoast SEO plugin. -->","yoast_head_json":{"title":"Human Resources - STO Group","description":"You can use the form on this page to apply for a position in STO Group.","robots":{"index":"index","follow":"follow","max-snippet":"max-snippet:-1","max-image-preview":"max-image-preview:large","max-video-preview":"max-video-preview:-1"},"canonical":"https:\/\/stogroup.com.tr\/en\/human-resources\/","og_locale":"en_US","og_type":"article","og_title":"Human Resources - STO Group","og_description":"You can use the form on this page to apply for a position in STO Group.","og_url":"https:\/\/stogroup.com.tr\/en\/human-resources\/","og_site_name":"STO Group","article_publisher":"https:\/\/www.facebook.com\/stogrouptr\/","article_modified_time":"2022-06-09T12:41:37+00:00","twitter_card":"summary_large_image","twitter_site":"@stogrouptr","schema":{"@context":"https:\/\/schema.org","@graph":[{"@type":"WebPage","@id":"https:\/\/stogroup.com.tr\/en\/human-resources\/","url":"https:\/\/stogroup.com.tr\/en\/human-resources\/","name":"Human Resources - STO Group","isPartOf":{"@id":"https:\/\/stogroup.com.tr\/en\/#website"},"datePublished":"2021-04-06T21:42:00+00:00","dateModified":"2022-06-09T12:41:37+00:00","description":"You can use the form on this page to apply for a position in STO Group.","breadcrumb":{"@id":"https:\/\/stogroup.com.tr\/en\/human-resources\/#breadcrumb"},"inLanguage":"en-US","potentialAction":[{"@type":"ReadAction","target":["https:\/\/stogroup.com.tr\/en\/human-resources\/"]}]},{"@type":"BreadcrumbList","@id":"https:\/\/stogroup.com.tr\/en\/human-resources\/#breadcrumb","itemListElement":[{"@type":"ListItem","position":1,"name":"Anasayfa","item":"https:\/\/stogroup.com.tr\/en\/"},{"@type":"ListItem","position":2,"name":"Human Resources"}]},{"@type":"WebSite","@id":"https:\/\/stogroup.com.tr\/en\/#website","url":"https:\/\/stogroup.com.tr\/en\/","name":"STO Group","description":"Where Ideas Come Naturally","publisher":{"@id":"https:\/\/stogroup.com.tr\/en\/#organization"},"potentialAction":[{"@type":"SearchAction","target":{"@type":"EntryPoint","urlTemplate":"https:\/\/stogroup.com.tr\/en\/?s={search_term_string}"},"query-input":{"@type":"PropertyValueSpecification","valueRequired":true,"valueName":"search_term_string"}}],"inLanguage":"en-US"},{"@type":"Organization","@id":"https:\/\/stogroup.com.tr\/en\/#organization","name":"STO Group","url":"https:\/\/stogroup.com.tr\/en\/","logo":{"@type":"ImageObject","inLanguage":"en-US","@id":"https:\/\/stogroup.com.tr\/en\/#\/schema\/logo\/image\/","url":"https:\/\/stogroup.com.tr\/wp-content\/uploads\/logomobilesticky.svg","contentUrl":"https:\/\/stogroup.com.tr\/wp-content\/uploads\/logomobilesticky.svg","width":317,"height":107,"caption":"STO Group"},"image":{"@id":"https:\/\/stogroup.com.tr\/en\/#\/schema\/logo\/image\/"},"sameAs":["https:\/\/www.facebook.com\/stogrouptr\/","https:\/\/x.com\/stogrouptr","https:\/\/www.instagram.com\/stogrouptr\/"]}]}},"_links":{"self":[{"href":"https:\/\/stogroup.com.tr\/en\/wp-json\/wp\/v2\/pages\/832","targetHints":{"allow":["GET"]}}],"collection":[{"href":"https:\/\/stogroup.com.tr\/en\/wp-json\/wp\/v2\/pages"}],"about":[{"href":"https:\/\/stogroup.com.tr\/en\/wp-json\/wp\/v2\/types\/page"}],"author":[{"embeddable":true,"href":"https:\/\/stogroup.com.tr\/en\/wp-json\/wp\/v2\/users\/2"}],"replies":[{"embeddable":true,"href":"https:\/\/stogroup.com.tr\/en\/wp-json\/wp\/v2\/comments?post=832"}],"version-history":[{"count":0,"href":"https:\/\/stogroup.com.tr\/en\/wp-json\/wp\/v2\/pages\/832\/revisions"}],"wp:attachment":[{"href":"https:\/\/stogroup.com.tr\/en\/wp-json\/wp\/v2\/media?parent=832"}],"curies":[{"name":"wp","href":"https:\/\/api.w.org\/{rel}","templated":true}]}}