{"id":869,"date":"2022-05-22T21:28:43","date_gmt":"2022-05-22T21:28:43","guid":{"rendered":"https:\/\/stogroup.com.tr\/news\/"},"modified":"2022-06-09T13:56:24","modified_gmt":"2022-06-09T13:56:24","slug":"news","status":"publish","type":"page","link":"https:\/\/stogroup.com.tr\/en\/news\/","title":{"rendered":"News"},"content":{"rendered":"\t\t<div data-elementor-type=\"wp-page\" data-elementor-id=\"869\" class=\"elementor elementor-869 elementor-231\">\n\t\t\t\t\t\t<section class=\"elementor-section elementor-top-section elementor-element elementor-element-3f320279 elementor-section-boxed elementor-section-height-default elementor-section-height-default parallax_section_no qode_elementor_container_no\" data-id=\"3f320279\" data-element_type=\"section\" data-e-type=\"section\">\n\t\t\t\t\t\t<div class=\"elementor-container elementor-column-gap-default\">\n\t\t\t\t\t<div class=\"elementor-column elementor-col-100 elementor-top-column elementor-element elementor-element-6c730bb8\" data-id=\"6c730bb8\" data-element_type=\"column\" data-e-type=\"column\">\n\t\t\t<div class=\"elementor-widget-wrap elementor-element-populated\">\n\t\t\t\t\t\t<div class=\"elementor-element elementor-element-793b387 elementor-widget elementor-widget-qi_addons_for_elementor_blog_list\" data-id=\"793b387\" data-element_type=\"widget\" data-e-type=\"widget\" data-widget_type=\"qi_addons_for_elementor_blog_list.default\">\n\t\t\t\t<div class=\"elementor-widget-container\">\n\t\t\t\t\t<div class=\"qodef-shortcode qodef-m qodef-addons-blog-list qodef-info-no-icons qodef-image--hover-zoom qodef-qi-grid qodef-layout--qi-columns qodef-col-num--3 qodef-item-layout--boxed qodef-responsive--predefined\" >\n\t<div class=\"qodef-grid-inner\">\n\t\t<article class=\"qodef-e qodef-blog-item qodef-grid-item qodef-item--full post-912 post type-post status-publish format-standard has-post-thumbnail hentry category-uncategorized\">\n\t<div class=\"qodef-e-inner\">\n\t\t<div class=\"qodef-e-media-holder\">\n\t\t\t<div class=\"qodef-e-media\">\n\t\t<div class=\"qodef-e-media-image\">\n\t\t<a itemprop=\"url\" href=\"https:\/\/stogroup.com.tr\/en\/stars-of-export-awards-2020\/\">\n\t\t\t<img fetchpriority=\"high\" decoding=\"async\" width=\"1440\" height=\"1440\" src=\"https:\/\/stogroup.com.tr\/wp-content\/uploads\/stogroup-news-1.jpg\" class=\"attachment-full size-full\" alt=\"\" srcset=\"https:\/\/stogroup.com.tr\/wp-content\/uploads\/stogroup-news-1.jpg 1440w, https:\/\/stogroup.com.tr\/wp-content\/uploads\/stogroup-news-1-768x768.jpg 768w, https:\/\/stogroup.com.tr\/wp-content\/uploads\/stogroup-news-1-570x570.jpg 570w, https:\/\/stogroup.com.tr\/wp-content\/uploads\/stogroup-news-1-500x500.jpg 500w, https:\/\/stogroup.com.tr\/wp-content\/uploads\/stogroup-news-1-1000x1000.jpg 1000w, https:\/\/stogroup.com.tr\/wp-content\/uploads\/stogroup-news-1-700x700.jpg 700w\" sizes=\"(max-width: 1440px) 100vw, 1440px\" \/>\t\t<\/a>\n\t\t\t<\/div>\n<\/div>\n\t\t<\/div>\n\t\t<div class=\"qodef-e-content\">\n\t\t\t\t\t\t<div class=\"qodef-e-text\">\n\t\t\t\t<p itemprop=\"name\" class=\"qodef-e-title entry-title\">\n\t<a itemprop=\"url\" class=\"qodef-e-title-link\" href=\"https:\/\/stogroup.com.tr\/en\/stars-of-export-awards-2020\/\">\n\t\tStars of Export Awards 2020\t<\/a>\n<\/p>\n\t\t<p itemprop=\"description\" class=\"qodef-e-excerpt\">\n\t\t\t&#013; TRUAGRO was awarded in Stars of Export Awards by being ranked among top 3 companies by export volume despite becoming a member of Ege Ya\u015f Meyve Sebze \u0130hracat\u00e7\u0131lar\u0131 Birli\u011fi\t\t<\/p>\n\t\t\t\t<\/div>\n\t\t\t\t\t\t\t<div class=\"qodef-e-info qodef-info--bottom\">\n\t\t\t\t\t\t<div class=\"qodef-e-read-more\">\n\t\t<a class=\"qodef-shortcode qodef-m qodef-qi-button qodef-html--link qodef-layout--textual qodef-type--standard qodef-icon--right qodef-hover--icon-move-horizontal-short qodef-text-underline qodef-underline--left\" href=\"https:\/\/stogroup.com.tr\/en\/stars-of-export-awards-2020\/\" target=\"_self\">\t<span class=\"qodef-m-text\">Read News<\/span>\t<\/a>\t<\/div>\n\t\t\t\t<\/div>\n\t\t\t\t\t<\/div>\n\t<\/div>\n<\/article>\n\t<\/div>\n\t<\/div>\n\t\t\t\t<\/div>\n\t\t\t\t<\/div>\n\t\t\t\t\t<\/div>\n\t\t<\/div>\n\t\t\t\t\t<\/div>\n\t\t<\/section>\n\t\t\t\t<\/div>\n\t\t","protected":false},"excerpt":{"rendered":"<p>\u0130hracat\u0131n Y\u0131ld\u0131zlar\u0131 \u00d6d\u00fclleri 2020 2020 y\u0131l\u0131nda Ege Ya\u015f Meyve Sebze \u0130hracat\u00e7\u0131lar\u0131 Birli\u011fi\u2019ne \u00fcye olan ve en fazla ihracat ger\u00e7ekle\u015ftiren 3 firmadan biri olmay\u0131 ba\u015faran TRUAGRO Tar\u0131m \u00f6d\u00fcl\u00fcne kavu\u015ftu. Read News<\/p>\n","protected":false},"author":2,"featured_media":0,"parent":0,"menu_order":0,"comment_status":"closed","ping_status":"closed","template":"","meta":{"footnotes":""},"class_list":["post-869","page","type-page","status-publish","hentry"],"yoast_head":"<!-- This site is optimized with the Yoast SEO plugin v27.3 - https:\/\/yoast.com\/product\/yoast-seo-wordpress\/ -->\n<title>News - STO Group<\/title>\n<meta name=\"description\" content=\"Industrial and current news related to STO Group.\" \/>\n<meta name=\"robots\" content=\"index, follow, max-snippet:-1, max-image-preview:large, max-video-preview:-1\" \/>\n<link rel=\"canonical\" href=\"https:\/\/stogroup.com.tr\/en\/news\/\" \/>\n<meta property=\"og:locale\" content=\"en_US\" \/>\n<meta property=\"og:type\" content=\"article\" \/>\n<meta property=\"og:title\" content=\"News - STO Group\" \/>\n<meta property=\"og:description\" content=\"Industrial and current news related to STO Group.\" \/>\n<meta property=\"og:url\" content=\"https:\/\/stogroup.com.tr\/en\/news\/\" \/>\n<meta property=\"og:site_name\" content=\"STO Group\" \/>\n<meta property=\"article:publisher\" content=\"https:\/\/www.facebook.com\/stogrouptr\/\" \/>\n<meta property=\"article:modified_time\" content=\"2022-06-09T13:56:24+00:00\" \/>\n<meta property=\"og:image\" content=\"https:\/\/stogroup.com.tr\/wp-content\/uploads\/stogroup-news-1.jpg\" \/>\n<meta name=\"twitter:card\" content=\"summary_large_image\" \/>\n<meta name=\"twitter:site\" content=\"@stogrouptr\" \/>\n<script type=\"application\/ld+json\" class=\"yoast-schema-graph\">{\"@context\":\"https:\\\/\\\/schema.org\",\"@graph\":[{\"@type\":\"WebPage\",\"@id\":\"https:\\\/\\\/stogroup.com.tr\\\/en\\\/news\\\/\",\"url\":\"https:\\\/\\\/stogroup.com.tr\\\/en\\\/news\\\/\",\"name\":\"News - STO Group\",\"isPartOf\":{\"@id\":\"https:\\\/\\\/stogroup.com.tr\\\/en\\\/#website\"},\"primaryImageOfPage\":{\"@id\":\"https:\\\/\\\/stogroup.com.tr\\\/en\\\/news\\\/#primaryimage\"},\"image\":{\"@id\":\"https:\\\/\\\/stogroup.com.tr\\\/en\\\/news\\\/#primaryimage\"},\"thumbnailUrl\":\"https:\\\/\\\/stogroup.com.tr\\\/wp-content\\\/uploads\\\/stogroup-news-1.jpg\",\"datePublished\":\"2022-05-22T21:28:43+00:00\",\"dateModified\":\"2022-06-09T13:56:24+00:00\",\"description\":\"Industrial and current news related to STO Group.\",\"breadcrumb\":{\"@id\":\"https:\\\/\\\/stogroup.com.tr\\\/en\\\/news\\\/#breadcrumb\"},\"inLanguage\":\"en-US\",\"potentialAction\":[{\"@type\":\"ReadAction\",\"target\":[\"https:\\\/\\\/stogroup.com.tr\\\/en\\\/news\\\/\"]}]},{\"@type\":\"ImageObject\",\"inLanguage\":\"en-US\",\"@id\":\"https:\\\/\\\/stogroup.com.tr\\\/en\\\/news\\\/#primaryimage\",\"url\":\"https:\\\/\\\/stogroup.com.tr\\\/wp-content\\\/uploads\\\/stogroup-news-1.jpg\",\"contentUrl\":\"https:\\\/\\\/stogroup.com.tr\\\/wp-content\\\/uploads\\\/stogroup-news-1.jpg\"},{\"@type\":\"BreadcrumbList\",\"@id\":\"https:\\\/\\\/stogroup.com.tr\\\/en\\\/news\\\/#breadcrumb\",\"itemListElement\":[{\"@type\":\"ListItem\",\"position\":1,\"name\":\"Anasayfa\",\"item\":\"https:\\\/\\\/stogroup.com.tr\\\/en\\\/\"},{\"@type\":\"ListItem\",\"position\":2,\"name\":\"News\"}]},{\"@type\":\"WebSite\",\"@id\":\"https:\\\/\\\/stogroup.com.tr\\\/en\\\/#website\",\"url\":\"https:\\\/\\\/stogroup.com.tr\\\/en\\\/\",\"name\":\"STO Group\",\"description\":\"Where Ideas Come Naturally\",\"publisher\":{\"@id\":\"https:\\\/\\\/stogroup.com.tr\\\/en\\\/#organization\"},\"potentialAction\":[{\"@type\":\"SearchAction\",\"target\":{\"@type\":\"EntryPoint\",\"urlTemplate\":\"https:\\\/\\\/stogroup.com.tr\\\/en\\\/?s={search_term_string}\"},\"query-input\":{\"@type\":\"PropertyValueSpecification\",\"valueRequired\":true,\"valueName\":\"search_term_string\"}}],\"inLanguage\":\"en-US\"},{\"@type\":\"Organization\",\"@id\":\"https:\\\/\\\/stogroup.com.tr\\\/en\\\/#organization\",\"name\":\"STO Group\",\"url\":\"https:\\\/\\\/stogroup.com.tr\\\/en\\\/\",\"logo\":{\"@type\":\"ImageObject\",\"inLanguage\":\"en-US\",\"@id\":\"https:\\\/\\\/stogroup.com.tr\\\/en\\\/#\\\/schema\\\/logo\\\/image\\\/\",\"url\":\"https:\\\/\\\/stogroup.com.tr\\\/wp-content\\\/uploads\\\/logomobilesticky.svg\",\"contentUrl\":\"https:\\\/\\\/stogroup.com.tr\\\/wp-content\\\/uploads\\\/logomobilesticky.svg\",\"width\":317,\"height\":107,\"caption\":\"STO Group\"},\"image\":{\"@id\":\"https:\\\/\\\/stogroup.com.tr\\\/en\\\/#\\\/schema\\\/logo\\\/image\\\/\"},\"sameAs\":[\"https:\\\/\\\/www.facebook.com\\\/stogrouptr\\\/\",\"https:\\\/\\\/x.com\\\/stogrouptr\",\"https:\\\/\\\/www.instagram.com\\\/stogrouptr\\\/\"]}]}<\/script>\n<!-- \/ Yoast SEO plugin. -->","yoast_head_json":{"title":"News - STO Group","description":"Industrial and current news related to STO Group.","robots":{"index":"index","follow":"follow","max-snippet":"max-snippet:-1","max-image-preview":"max-image-preview:large","max-video-preview":"max-video-preview:-1"},"canonical":"https:\/\/stogroup.com.tr\/en\/news\/","og_locale":"en_US","og_type":"article","og_title":"News - STO Group","og_description":"Industrial and current news related to STO Group.","og_url":"https:\/\/stogroup.com.tr\/en\/news\/","og_site_name":"STO Group","article_publisher":"https:\/\/www.facebook.com\/stogrouptr\/","article_modified_time":"2022-06-09T13:56:24+00:00","og_image":[{"url":"https:\/\/stogroup.com.tr\/wp-content\/uploads\/stogroup-news-1.jpg","type":"","width":"","height":""}],"twitter_card":"summary_large_image","twitter_site":"@stogrouptr","schema":{"@context":"https:\/\/schema.org","@graph":[{"@type":"WebPage","@id":"https:\/\/stogroup.com.tr\/en\/news\/","url":"https:\/\/stogroup.com.tr\/en\/news\/","name":"News - STO Group","isPartOf":{"@id":"https:\/\/stogroup.com.tr\/en\/#website"},"primaryImageOfPage":{"@id":"https:\/\/stogroup.com.tr\/en\/news\/#primaryimage"},"image":{"@id":"https:\/\/stogroup.com.tr\/en\/news\/#primaryimage"},"thumbnailUrl":"https:\/\/stogroup.com.tr\/wp-content\/uploads\/stogroup-news-1.jpg","datePublished":"2022-05-22T21:28:43+00:00","dateModified":"2022-06-09T13:56:24+00:00","description":"Industrial and current news related to STO Group.","breadcrumb":{"@id":"https:\/\/stogroup.com.tr\/en\/news\/#breadcrumb"},"inLanguage":"en-US","potentialAction":[{"@type":"ReadAction","target":["https:\/\/stogroup.com.tr\/en\/news\/"]}]},{"@type":"ImageObject","inLanguage":"en-US","@id":"https:\/\/stogroup.com.tr\/en\/news\/#primaryimage","url":"https:\/\/stogroup.com.tr\/wp-content\/uploads\/stogroup-news-1.jpg","contentUrl":"https:\/\/stogroup.com.tr\/wp-content\/uploads\/stogroup-news-1.jpg"},{"@type":"BreadcrumbList","@id":"https:\/\/stogroup.com.tr\/en\/news\/#breadcrumb","itemListElement":[{"@type":"ListItem","position":1,"name":"Anasayfa","item":"https:\/\/stogroup.com.tr\/en\/"},{"@type":"ListItem","position":2,"name":"News"}]},{"@type":"WebSite","@id":"https:\/\/stogroup.com.tr\/en\/#website","url":"https:\/\/stogroup.com.tr\/en\/","name":"STO Group","description":"Where Ideas Come Naturally","publisher":{"@id":"https:\/\/stogroup.com.tr\/en\/#organization"},"potentialAction":[{"@type":"SearchAction","target":{"@type":"EntryPoint","urlTemplate":"https:\/\/stogroup.com.tr\/en\/?s={search_term_string}"},"query-input":{"@type":"PropertyValueSpecification","valueRequired":true,"valueName":"search_term_string"}}],"inLanguage":"en-US"},{"@type":"Organization","@id":"https:\/\/stogroup.com.tr\/en\/#organization","name":"STO Group","url":"https:\/\/stogroup.com.tr\/en\/","logo":{"@type":"ImageObject","inLanguage":"en-US","@id":"https:\/\/stogroup.com.tr\/en\/#\/schema\/logo\/image\/","url":"https:\/\/stogroup.com.tr\/wp-content\/uploads\/logomobilesticky.svg","contentUrl":"https:\/\/stogroup.com.tr\/wp-content\/uploads\/logomobilesticky.svg","width":317,"height":107,"caption":"STO Group"},"image":{"@id":"https:\/\/stogroup.com.tr\/en\/#\/schema\/logo\/image\/"},"sameAs":["https:\/\/www.facebook.com\/stogrouptr\/","https:\/\/x.com\/stogrouptr","https:\/\/www.instagram.com\/stogrouptr\/"]}]}},"_links":{"self":[{"href":"https:\/\/stogroup.com.tr\/en\/wp-json\/wp\/v2\/pages\/869","targetHints":{"allow":["GET"]}}],"collection":[{"href":"https:\/\/stogroup.com.tr\/en\/wp-json\/wp\/v2\/pages"}],"about":[{"href":"https:\/\/stogroup.com.tr\/en\/wp-json\/wp\/v2\/types\/page"}],"author":[{"embeddable":true,"href":"https:\/\/stogroup.com.tr\/en\/wp-json\/wp\/v2\/users\/2"}],"replies":[{"embeddable":true,"href":"https:\/\/stogroup.com.tr\/en\/wp-json\/wp\/v2\/comments?post=869"}],"version-history":[{"count":0,"href":"https:\/\/stogroup.com.tr\/en\/wp-json\/wp\/v2\/pages\/869\/revisions"}],"wp:attachment":[{"href":"https:\/\/stogroup.com.tr\/en\/wp-json\/wp\/v2\/media?parent=869"}],"curies":[{"name":"wp","href":"https:\/\/api.w.org\/{rel}","templated":true}]}}