{"id":877,"date":"2020-06-17T12:13:08","date_gmt":"2020-06-17T12:13:08","guid":{"rendered":"https:\/\/stogroup.com.tr\/contact\/"},"modified":"2022-06-09T20:11:34","modified_gmt":"2022-06-09T20:11:34","slug":"contact","status":"publish","type":"page","link":"https:\/\/stogroup.com.tr\/en\/contact\/","title":{"rendered":"Contact"},"content":{"rendered":"\t\t<div data-elementor-type=\"wp-page\" data-elementor-id=\"877\" class=\"elementor elementor-877 elementor-158\">\n\t\t\t\t\t\t<section class=\"elementor-section elementor-top-section elementor-element elementor-element-4c660704 elementor-section-full_width qode_elementor_container_inner elementor-section-height-default elementor-section-height-default parallax_section_no\" data-id=\"4c660704\" data-element_type=\"section\" data-e-type=\"section\">\n\t\t\t\t\t\t<div class=\"elementor-container elementor-column-gap-no\">\n\t\t\t\t\t<div class=\"elementor-column elementor-col-50 elementor-top-column elementor-element elementor-element-16aa2d23\" data-id=\"16aa2d23\" data-element_type=\"column\" data-e-type=\"column\">\n\t\t\t<div class=\"elementor-widget-wrap elementor-element-populated\">\n\t\t\t\t\t\t<div class=\"elementor-element elementor-element-d6d9a63 elementor-widget elementor-widget-bridge_cf_7\" data-id=\"d6d9a63\" data-element_type=\"widget\" data-e-type=\"widget\" data-widget_type=\"bridge_cf_7.default\">\n\t\t\t\t<div class=\"elementor-widget-container\">\n\t\t\t\t\t    <div class=\"qode-contact-form-7 qode-contact-form-7-0\">\n    \n<div class=\"wpcf7 no-js\" id=\"wpcf7-f924-o1\" lang=\"en-US\" dir=\"ltr\" data-wpcf7-id=\"924\">\n<div class=\"screen-reader-response\"><p role=\"status\" aria-live=\"polite\" aria-atomic=\"true\"><\/p> <ul><\/ul><\/div>\n<form action=\"\/en\/wp-json\/wp\/v2\/pages\/877#wpcf7-f924-o1\" method=\"post\" class=\"wpcf7-form init cf7_custom_style_2\" aria-label=\"Contact form\" novalidate=\"novalidate\" data-status=\"init\">\n<fieldset class=\"hidden-fields-container\"><input type=\"hidden\" name=\"_wpcf7\" value=\"924\" \/><input type=\"hidden\" name=\"_wpcf7_version\" value=\"6.1.5\" \/><input type=\"hidden\" name=\"_wpcf7_locale\" value=\"en_US\" \/><input type=\"hidden\" name=\"_wpcf7_unit_tag\" value=\"wpcf7-f924-o1\" \/><input type=\"hidden\" name=\"_wpcf7_container_post\" value=\"0\" \/><input type=\"hidden\" name=\"_wpcf7_posted_data_hash\" value=\"\" \/>\n<\/fieldset>\n<div>\n<span class=\"wpcf7-form-control-wrap\" data-name=\"your-name\"><input size=\"40\" maxlength=\"400\" class=\"wpcf7-form-control wpcf7-text wpcf7-validates-as-required\" aria-required=\"true\" aria-invalid=\"false\" placeholder=\"Your Name\" value=\"\" type=\"text\" name=\"your-name\" \/><\/span>\n<\/div>\n<div>\n<span class=\"wpcf7-form-control-wrap\" data-name=\"email-591\"><input size=\"40\" maxlength=\"400\" class=\"wpcf7-form-control wpcf7-email wpcf7-validates-as-required wpcf7-text wpcf7-validates-as-email\" aria-required=\"true\" aria-invalid=\"false\" placeholder=\"Your E-Mail\" value=\"\" type=\"email\" name=\"email-591\" \/><\/span>\n<\/div>\n<div>\n<span class=\"wpcf7-form-control-wrap\" data-name=\"textarea-935\"><textarea cols=\"40\" rows=\"10\" maxlength=\"2000\" class=\"wpcf7-form-control wpcf7-textarea\" aria-invalid=\"false\" name=\"textarea-935\">Your Message<\/textarea><\/span>\n<\/div>\n<div style=\"text-align: left; margin: 22px 0 0;\"><input class=\"wpcf7-form-control wpcf7-submit has-spinner\" type=\"submit\" value=\"SEND\" \/><\/div><div class=\"wpcf7-response-output\" aria-hidden=\"true\"><\/div>\n<\/form>\n<\/div>\n    <\/div>\n\t\t\t\t<\/div>\n\t\t\t\t<\/div>\n\t\t\t\t\t<\/div>\n\t\t<\/div>\n\t\t\t\t<div class=\"elementor-column elementor-col-50 elementor-top-column elementor-element elementor-element-60246256\" data-id=\"60246256\" data-element_type=\"column\" data-e-type=\"column\">\n\t\t\t<div class=\"elementor-widget-wrap elementor-element-populated\">\n\t\t\t\t\t\t<div class=\"elementor-element elementor-element-61769bcb elementor-widget elementor-widget-text-editor\" data-id=\"61769bcb\" data-element_type=\"widget\" data-e-type=\"widget\" data-widget_type=\"text-editor.default\">\n\t\t\t\t<div class=\"elementor-widget-container\">\n\t\t\t\t\t\t\t\t\t<h6>CONTACT US<\/h6>\t\t\t\t\t\t\t\t<\/div>\n\t\t\t\t<\/div>\n\t\t\t\t<div class=\"elementor-element elementor-element-31df09b8 elementor-widget elementor-widget-text-editor\" data-id=\"31df09b8\" data-element_type=\"widget\" data-e-type=\"widget\" data-widget_type=\"text-editor.default\">\n\t\t\t\t<div class=\"elementor-widget-container\">\n\t\t\t\t\t\t\t\t\t<h1>CONTACT<\/h1>\t\t\t\t\t\t\t\t<\/div>\n\t\t\t\t<\/div>\n\t\t\t\t<div class=\"elementor-element elementor-element-c95e35f elementor-widget elementor-widget-text-editor\" data-id=\"c95e35f\" data-element_type=\"widget\" data-e-type=\"widget\" data-widget_type=\"text-editor.default\">\n\t\t\t\t<div class=\"elementor-widget-container\">\n\t\t\t\t\t\t\t\t\t<p>Adalet Mh.1596 Sk. No:2 Kat:6<\/p>\t\t\t\t\t\t\t\t<\/div>\n\t\t\t\t<\/div>\n\t\t\t\t<div class=\"elementor-element elementor-element-11a214f elementor-widget elementor-widget-text-editor\" data-id=\"11a214f\" data-element_type=\"widget\" data-e-type=\"widget\" data-widget_type=\"text-editor.default\">\n\t\t\t\t<div class=\"elementor-widget-container\">\n\t\t\t\t\t\t\t\t\t<p>PK.35530 Bayrakl\u0131, \u0130zmir, Turkey<\/p>\t\t\t\t\t\t\t\t<\/div>\n\t\t\t\t<\/div>\n\t\t\t\t<div class=\"elementor-element elementor-element-07b755f elementor-widget elementor-widget-text-editor\" data-id=\"07b755f\" data-element_type=\"widget\" data-e-type=\"widget\" data-widget_type=\"text-editor.default\">\n\t\t\t\t<div class=\"elementor-widget-container\">\n\t\t\t\t\t\t\t\t\t<a href=\"tel:+902324355900\">+90 232 435 5900<\/a>\t\t\t\t\t\t\t\t<\/div>\n\t\t\t\t<\/div>\n\t\t\t\t<div class=\"elementor-element elementor-element-9578def elementor-widget elementor-widget-text-editor\" data-id=\"9578def\" data-element_type=\"widget\" data-e-type=\"widget\" data-widget_type=\"text-editor.default\">\n\t\t\t\t<div class=\"elementor-widget-container\">\n\t\t\t\t\t\t\t\t\t<a href=\"mailto:info@stogroup.com.tr\">info@stogroup.com.tr<\/a>\t\t\t\t\t\t\t\t<\/div>\n\t\t\t\t<\/div>\n\t\t\t\t\t<\/div>\n\t\t<\/div>\n\t\t\t\t\t<\/div>\n\t\t<\/section>\n\t\t\t\t<\/div>\n\t\t","protected":false},"excerpt":{"rendered":"<p>Mesaj\u0131n\u0131z CONTACT US CONTACT Adalet Mh.1596 Sk. No:2 Kat:6 PK.35530 Bayrakl\u0131, \u0130zmir, Turkey +90 232 435 5900info@stogroup.com.tr<\/p>\n","protected":false},"author":2,"featured_media":0,"parent":0,"menu_order":0,"comment_status":"closed","ping_status":"closed","template":"full_width.php","meta":{"footnotes":""},"class_list":["post-877","page","type-page","status-publish","hentry"],"yoast_head":"<!-- This site is optimized with the Yoast SEO plugin v27.3 - https:\/\/yoast.com\/product\/yoast-seo-wordpress\/ -->\n<title>Contact - STO Group<\/title>\n<meta name=\"description\" content=\"Contact us. Headquarters: Adalet Mh.1596 Sk. No:2 Kat:6 Hitay Plaza PK.35530 Bayrakl\u0131, \u0130zmir, T\u00fcrkiye +90 (232) 435 59 00 - info@stogroup.com.tr\" \/>\n<meta name=\"robots\" content=\"index, follow, max-snippet:-1, max-image-preview:large, max-video-preview:-1\" \/>\n<link rel=\"canonical\" href=\"https:\/\/stogroup.com.tr\/en\/contact\/\" \/>\n<meta property=\"og:locale\" content=\"en_US\" \/>\n<meta property=\"og:type\" content=\"article\" \/>\n<meta property=\"og:title\" content=\"Contact - STO Group\" \/>\n<meta property=\"og:description\" content=\"Contact us. Headquarters: Adalet Mh.1596 Sk. No:2 Kat:6 Hitay Plaza PK.35530 Bayrakl\u0131, \u0130zmir, T\u00fcrkiye +90 (232) 435 59 00 - info@stogroup.com.tr\" \/>\n<meta property=\"og:url\" content=\"https:\/\/stogroup.com.tr\/en\/contact\/\" \/>\n<meta property=\"og:site_name\" content=\"STO Group\" \/>\n<meta property=\"article:publisher\" content=\"https:\/\/www.facebook.com\/stogrouptr\/\" \/>\n<meta property=\"article:modified_time\" content=\"2022-06-09T20:11:34+00:00\" \/>\n<meta name=\"twitter:card\" content=\"summary_large_image\" \/>\n<meta name=\"twitter:site\" content=\"@stogrouptr\" \/>\n<meta name=\"twitter:label1\" content=\"Est. reading time\" \/>\n\t<meta name=\"twitter:data1\" content=\"1 minute\" \/>\n<script type=\"application\/ld+json\" class=\"yoast-schema-graph\">{\"@context\":\"https:\\\/\\\/schema.org\",\"@graph\":[{\"@type\":\"WebPage\",\"@id\":\"https:\\\/\\\/stogroup.com.tr\\\/en\\\/contact\\\/\",\"url\":\"https:\\\/\\\/stogroup.com.tr\\\/en\\\/contact\\\/\",\"name\":\"Contact - STO Group\",\"isPartOf\":{\"@id\":\"https:\\\/\\\/stogroup.com.tr\\\/en\\\/#website\"},\"datePublished\":\"2020-06-17T12:13:08+00:00\",\"dateModified\":\"2022-06-09T20:11:34+00:00\",\"description\":\"Contact us. Headquarters: Adalet Mh.1596 Sk. No:2 Kat:6 Hitay Plaza PK.35530 Bayrakl\u0131, \u0130zmir, T\u00fcrkiye +90 (232) 435 59 00 - info@stogroup.com.tr\",\"breadcrumb\":{\"@id\":\"https:\\\/\\\/stogroup.com.tr\\\/en\\\/contact\\\/#breadcrumb\"},\"inLanguage\":\"en-US\",\"potentialAction\":[{\"@type\":\"ReadAction\",\"target\":[\"https:\\\/\\\/stogroup.com.tr\\\/en\\\/contact\\\/\"]}]},{\"@type\":\"BreadcrumbList\",\"@id\":\"https:\\\/\\\/stogroup.com.tr\\\/en\\\/contact\\\/#breadcrumb\",\"itemListElement\":[{\"@type\":\"ListItem\",\"position\":1,\"name\":\"Anasayfa\",\"item\":\"https:\\\/\\\/stogroup.com.tr\\\/en\\\/\"},{\"@type\":\"ListItem\",\"position\":2,\"name\":\"Contact\"}]},{\"@type\":\"WebSite\",\"@id\":\"https:\\\/\\\/stogroup.com.tr\\\/en\\\/#website\",\"url\":\"https:\\\/\\\/stogroup.com.tr\\\/en\\\/\",\"name\":\"STO Group\",\"description\":\"Where Ideas Come Naturally\",\"publisher\":{\"@id\":\"https:\\\/\\\/stogroup.com.tr\\\/en\\\/#organization\"},\"potentialAction\":[{\"@type\":\"SearchAction\",\"target\":{\"@type\":\"EntryPoint\",\"urlTemplate\":\"https:\\\/\\\/stogroup.com.tr\\\/en\\\/?s={search_term_string}\"},\"query-input\":{\"@type\":\"PropertyValueSpecification\",\"valueRequired\":true,\"valueName\":\"search_term_string\"}}],\"inLanguage\":\"en-US\"},{\"@type\":\"Organization\",\"@id\":\"https:\\\/\\\/stogroup.com.tr\\\/en\\\/#organization\",\"name\":\"STO Group\",\"url\":\"https:\\\/\\\/stogroup.com.tr\\\/en\\\/\",\"logo\":{\"@type\":\"ImageObject\",\"inLanguage\":\"en-US\",\"@id\":\"https:\\\/\\\/stogroup.com.tr\\\/en\\\/#\\\/schema\\\/logo\\\/image\\\/\",\"url\":\"https:\\\/\\\/stogroup.com.tr\\\/wp-content\\\/uploads\\\/logomobilesticky.svg\",\"contentUrl\":\"https:\\\/\\\/stogroup.com.tr\\\/wp-content\\\/uploads\\\/logomobilesticky.svg\",\"width\":317,\"height\":107,\"caption\":\"STO Group\"},\"image\":{\"@id\":\"https:\\\/\\\/stogroup.com.tr\\\/en\\\/#\\\/schema\\\/logo\\\/image\\\/\"},\"sameAs\":[\"https:\\\/\\\/www.facebook.com\\\/stogrouptr\\\/\",\"https:\\\/\\\/x.com\\\/stogrouptr\",\"https:\\\/\\\/www.instagram.com\\\/stogrouptr\\\/\"]}]}<\/script>\n<!-- \/ Yoast SEO plugin. -->","yoast_head_json":{"title":"Contact - STO Group","description":"Contact us. Headquarters: Adalet Mh.1596 Sk. No:2 Kat:6 Hitay Plaza PK.35530 Bayrakl\u0131, \u0130zmir, T\u00fcrkiye +90 (232) 435 59 00 - info@stogroup.com.tr","robots":{"index":"index","follow":"follow","max-snippet":"max-snippet:-1","max-image-preview":"max-image-preview:large","max-video-preview":"max-video-preview:-1"},"canonical":"https:\/\/stogroup.com.tr\/en\/contact\/","og_locale":"en_US","og_type":"article","og_title":"Contact - STO Group","og_description":"Contact us. Headquarters: Adalet Mh.1596 Sk. No:2 Kat:6 Hitay Plaza PK.35530 Bayrakl\u0131, \u0130zmir, T\u00fcrkiye +90 (232) 435 59 00 - info@stogroup.com.tr","og_url":"https:\/\/stogroup.com.tr\/en\/contact\/","og_site_name":"STO Group","article_publisher":"https:\/\/www.facebook.com\/stogrouptr\/","article_modified_time":"2022-06-09T20:11:34+00:00","twitter_card":"summary_large_image","twitter_site":"@stogrouptr","twitter_misc":{"Est. reading time":"1 minute"},"schema":{"@context":"https:\/\/schema.org","@graph":[{"@type":"WebPage","@id":"https:\/\/stogroup.com.tr\/en\/contact\/","url":"https:\/\/stogroup.com.tr\/en\/contact\/","name":"Contact - STO Group","isPartOf":{"@id":"https:\/\/stogroup.com.tr\/en\/#website"},"datePublished":"2020-06-17T12:13:08+00:00","dateModified":"2022-06-09T20:11:34+00:00","description":"Contact us. Headquarters: Adalet Mh.1596 Sk. No:2 Kat:6 Hitay Plaza PK.35530 Bayrakl\u0131, \u0130zmir, T\u00fcrkiye +90 (232) 435 59 00 - info@stogroup.com.tr","breadcrumb":{"@id":"https:\/\/stogroup.com.tr\/en\/contact\/#breadcrumb"},"inLanguage":"en-US","potentialAction":[{"@type":"ReadAction","target":["https:\/\/stogroup.com.tr\/en\/contact\/"]}]},{"@type":"BreadcrumbList","@id":"https:\/\/stogroup.com.tr\/en\/contact\/#breadcrumb","itemListElement":[{"@type":"ListItem","position":1,"name":"Anasayfa","item":"https:\/\/stogroup.com.tr\/en\/"},{"@type":"ListItem","position":2,"name":"Contact"}]},{"@type":"WebSite","@id":"https:\/\/stogroup.com.tr\/en\/#website","url":"https:\/\/stogroup.com.tr\/en\/","name":"STO Group","description":"Where Ideas Come Naturally","publisher":{"@id":"https:\/\/stogroup.com.tr\/en\/#organization"},"potentialAction":[{"@type":"SearchAction","target":{"@type":"EntryPoint","urlTemplate":"https:\/\/stogroup.com.tr\/en\/?s={search_term_string}"},"query-input":{"@type":"PropertyValueSpecification","valueRequired":true,"valueName":"search_term_string"}}],"inLanguage":"en-US"},{"@type":"Organization","@id":"https:\/\/stogroup.com.tr\/en\/#organization","name":"STO Group","url":"https:\/\/stogroup.com.tr\/en\/","logo":{"@type":"ImageObject","inLanguage":"en-US","@id":"https:\/\/stogroup.com.tr\/en\/#\/schema\/logo\/image\/","url":"https:\/\/stogroup.com.tr\/wp-content\/uploads\/logomobilesticky.svg","contentUrl":"https:\/\/stogroup.com.tr\/wp-content\/uploads\/logomobilesticky.svg","width":317,"height":107,"caption":"STO Group"},"image":{"@id":"https:\/\/stogroup.com.tr\/en\/#\/schema\/logo\/image\/"},"sameAs":["https:\/\/www.facebook.com\/stogrouptr\/","https:\/\/x.com\/stogrouptr","https:\/\/www.instagram.com\/stogrouptr\/"]}]}},"_links":{"self":[{"href":"https:\/\/stogroup.com.tr\/en\/wp-json\/wp\/v2\/pages\/877","targetHints":{"allow":["GET"]}}],"collection":[{"href":"https:\/\/stogroup.com.tr\/en\/wp-json\/wp\/v2\/pages"}],"about":[{"href":"https:\/\/stogroup.com.tr\/en\/wp-json\/wp\/v2\/types\/page"}],"author":[{"embeddable":true,"href":"https:\/\/stogroup.com.tr\/en\/wp-json\/wp\/v2\/users\/2"}],"replies":[{"embeddable":true,"href":"https:\/\/stogroup.com.tr\/en\/wp-json\/wp\/v2\/comments?post=877"}],"version-history":[{"count":0,"href":"https:\/\/stogroup.com.tr\/en\/wp-json\/wp\/v2\/pages\/877\/revisions"}],"wp:attachment":[{"href":"https:\/\/stogroup.com.tr\/en\/wp-json\/wp\/v2\/media?parent=877"}],"curies":[{"name":"wp","href":"https:\/\/api.w.org\/{rel}","templated":true}]}}